{"id":242,"date":"2022-05-12T18:25:43","date_gmt":"2022-05-12T16:25:43","guid":{"rendered":"https:\/\/hundb-bau.de\/?page_id=242"},"modified":"2022-05-12T19:11:26","modified_gmt":"2022-05-12T17:11:26","slug":"impressum","status":"publish","type":"page","link":"http:\/\/hundb-bau.de\/?page_id=242","title":{"rendered":"Impressum"},"content":{"rendered":"\t\t<div data-elementor-type=\"wp-page\" data-elementor-id=\"242\" class=\"elementor elementor-242\">\n\t\t\t\t\t\t<section class=\"elementor-section elementor-top-section elementor-element elementor-element-74adfc5 elementor-section-boxed elementor-section-height-default elementor-section-height-default\" data-id=\"74adfc5\" data-element_type=\"section\" data-e-type=\"section\">\n\t\t\t\t\t\t<div class=\"elementor-container elementor-column-gap-default\">\n\t\t\t\t\t<div class=\"elementor-column elementor-col-100 elementor-top-column elementor-element elementor-element-8ab96ec\" data-id=\"8ab96ec\" data-element_type=\"column\" data-e-type=\"column\">\n\t\t\t<div class=\"elementor-widget-wrap elementor-element-populated\">\n\t\t\t\t\t\t\t<\/div>\n\t\t<\/div>\n\t\t\t\t\t<\/div>\n\t\t<\/section>\n\t\t\t\t<section class=\"elementor-section elementor-top-section elementor-element elementor-element-5c3cf17 elementor-section-boxed elementor-section-height-default elementor-section-height-default\" data-id=\"5c3cf17\" data-element_type=\"section\" data-e-type=\"section\">\n\t\t\t\t\t\t<div class=\"elementor-container elementor-column-gap-default\">\n\t\t\t\t\t<div class=\"elementor-column elementor-col-100 elementor-top-column elementor-element elementor-element-594a2ff\" data-id=\"594a2ff\" data-element_type=\"column\" data-e-type=\"column\">\n\t\t\t<div class=\"elementor-widget-wrap elementor-element-populated\">\n\t\t\t\t\t\t<div class=\"elementor-element elementor-element-29ce7c5 elementor-widget elementor-widget-text-editor\" data-id=\"29ce7c5\" data-element_type=\"widget\" data-e-type=\"widget\" data-widget_type=\"text-editor.default\">\n\t\t\t\t<div class=\"elementor-widget-container\">\n\t\t\t\t\t\t\t\t\t<p>Verantwortlich f\u00fcr den Inhalt:<br \/>(Angaben gem\u00e4\u00df\u00a0<span style=\"color: #4d5156; font-family: georgia, palatino, serif; font-size: 12pt;\">\u00a7\u00a0<\/span>5 Telemediengesetz)<\/p><p>H&B Bau UG & Co. KG<br \/>Fliederweg 16<br \/>56170 Bendorf-Sayn<\/p><section data-id=\"06bb57f\" data-element_type=\"section\"><div data-id=\"543d72d\" data-element_type=\"column\"><div data-id=\"2df6567\" data-element_type=\"widget\" data-settings=\"{\" data-widget_type=\"text-editor.default\">Handelsregister HRA 22649<\/div><div data-id=\"2df6567\" data-element_type=\"widget\" data-settings=\"{\" data-widget_type=\"text-editor.default\">Amtsgericht Koblenz<\/div><div data-id=\"2df6567\" data-element_type=\"widget\" data-settings=\"{\" data-widget_type=\"text-editor.default\">Steuernummer 22\/662\/03475<\/div><div data-id=\"2df6567\" data-element_type=\"widget\" data-settings=\"{\" data-widget_type=\"text-editor.default\">\u00a0<\/div><div data-id=\"2df6567\" data-element_type=\"widget\" data-settings=\"{\" data-widget_type=\"text-editor.default\">Vertreten durch:<\/div><div data-id=\"2df6567\" data-element_type=\"widget\" data-settings=\"{\" data-widget_type=\"text-editor.default\"><p>H&B Bau UG (haftungsbeschr\u00e4nkt)<\/p><section data-id=\"06bb57f\" data-element_type=\"section\"><div data-id=\"543d72d\" data-element_type=\"column\"><div data-id=\"2df6567\" data-element_type=\"widget\" data-settings=\"{\" data-widget_type=\"text-editor.default\">Handelsregister HRB 28361<\/div><div data-id=\"2df6567\" data-element_type=\"widget\" data-settings=\"{\" data-widget_type=\"text-editor.default\">Amtsgericht Koblenz<\/div><div data-id=\"2df6567\" data-element_type=\"widget\" data-settings=\"{\" data-widget_type=\"text-editor.default\">\u00a0<\/div><div data-id=\"2df6567\" data-element_type=\"widget\" data-settings=\"{\" data-widget_type=\"text-editor.default\">Vertreten durch:<\/div><div data-id=\"2df6567\" data-element_type=\"widget\" data-settings=\"{\" data-widget_type=\"text-editor.default\">Martin Hock und Michael Bachmann<\/div><\/div><\/section><\/div><div data-id=\"2df6567\" data-element_type=\"widget\" data-settings=\"{\" data-widget_type=\"text-editor.default\">\u00a0<\/div><div data-id=\"2df6567\" data-element_type=\"widget\" data-settings=\"{\" data-widget_type=\"text-editor.default\">Kontakt<\/div><div data-id=\"2df6567\" data-element_type=\"widget\" data-settings=\"{\" data-widget_type=\"text-editor.default\">E-Mail: kontakt@hundb-bau.de<\/div><div data-id=\"2df6567\" data-element_type=\"widget\" data-settings=\"{\" data-widget_type=\"text-editor.default\">\u00a0<\/div><div data-id=\"2df6567\" data-element_type=\"widget\" data-settings=\"{\" data-widget_type=\"text-editor.default\">Wir benutzen Cookies um unsere Webseite optimal zu gestalten und fortlaufend verbessern zu k\u00f6nnen. Wenn Sie die Webseite nutzen, gehen wir von Ihrem Einverst\u00e4ndnis aus.<\/div><div data-id=\"2df6567\" data-element_type=\"widget\" data-settings=\"{\" data-widget_type=\"text-editor.default\">Informationen zum Umgang mit pers\u00f6nlichen Daten und Widerspruchsm\u00f6glichkeiten finden Sie in unserer Datenschutzerkl\u00e4rung.<\/div><div data-id=\"2df6567\" data-element_type=\"widget\" data-settings=\"{\" data-widget_type=\"text-editor.default\">\u00a0<\/div><div data-id=\"2df6567\" data-element_type=\"widget\" data-settings=\"{\" data-widget_type=\"text-editor.default\">Wir sind nicht bereit oder verpflichtet, an einem Streitbeilegungsverfahren vor einer Verbraucherschlichtungsstelle teilzunehmen.<\/div><div data-id=\"2df6567\" data-element_type=\"widget\" data-settings=\"{\" data-widget_type=\"text-editor.default\">\u00a0<\/div><div data-id=\"2df6567\" data-element_type=\"widget\" data-settings=\"{\" data-widget_type=\"text-editor.default\"><p style=\"margin-right: 0px; margin-bottom: 0px; margin-left: 0px; padding: 0px; font-variant-numeric: normal; font-variant-east-asian: normal; font-stretch: normal; font-size: 11px; line-height: 15.4px; font-family: Verdana, Geneva, sans-serif; color: #666666;\"><strong>Haftungsausschluss:<\/strong><\/p><p style=\"margin-right: 0px; margin-bottom: 0px; margin-left: 0px; padding: 0px; font-variant-numeric: normal; font-variant-east-asian: normal; font-stretch: normal; font-size: 11px; line-height: 15.4px; font-family: Verdana, Geneva, sans-serif; color: #666666;\"><strong>Haftung f\u00fcr Inhalte<\/strong><\/p><p style=\"margin-right: 0px; margin-bottom: 0px; margin-left: 0px; padding: 0px; font-variant-numeric: normal; font-variant-east-asian: normal; font-stretch: normal; font-size: 11px; line-height: 15.4px; font-family: Verdana, Geneva, sans-serif; color: #666666;\">Die Inhalte unserer Seiten wurden mit gr\u00f6\u00dfter Sorgfalt erstellt. F\u00fcr die Richtigkeit, Vollst\u00e4ndigkeit und Aktualit\u00e4t der Inhalte k\u00f6nnen wir jedoch keine Gew\u00e4hr \u00fcbernehmen. Als Diensteanbieter sind wir gem\u00e4\u00df \u00a7 7 Abs.1 TMG f\u00fcr eigene Inhalte auf diesen Seiten nach den allgemeinen Gesetzen verantwortlich. Nach \u00a7\u00a7 8 bis 10 TMG sind wir als Diensteanbieter jedoch nicht verpflichtet, \u00fcbermittelte oder gespeicherte fremde Informationen zu \u00fcberwachen oder nach Umst\u00e4nden zu forschen, die auf eine rechtswidrige T\u00e4tigkeit hinweisen. Verpflichtungen zur Entfernung oder Sperrung der Nutzung von Informationen nach den allgemeinen Gesetzen bleiben hiervon unber\u00fchrt. Eine diesbez\u00fcgliche Haftung ist jedoch erst ab dem Zeitpunkt der Kenntnis einer konkreten Rechtsverletzung m\u00f6glich. Bei Bekanntwerden von entsprechenden Rechtsverletzungen werden wir diese Inhalte umgehend entfernen.<\/p><p style=\"margin-right: 0px; margin-bottom: 0px; margin-left: 0px; padding: 0px; font-variant-numeric: normal; font-variant-east-asian: normal; font-stretch: normal; font-size: 11px; line-height: 15.4px; font-family: Verdana, Geneva, sans-serif; color: #666666;\">\u00a0<\/p><p style=\"margin-right: 0px; margin-bottom: 0px; margin-left: 0px; padding: 0px; font-variant-numeric: normal; font-variant-east-asian: normal; font-stretch: normal; font-size: 11px; line-height: 15.4px; font-family: Verdana, Geneva, sans-serif; color: #666666;\"><strong>Urheberrecht<\/strong><\/p><p style=\"margin-right: 0px; margin-bottom: 0px; margin-left: 0px; padding: 0px; font-variant-numeric: normal; font-variant-east-asian: normal; font-stretch: normal; font-size: 11px; line-height: 15.4px; font-family: Verdana, Geneva, sans-serif; color: #666666;\">Die durch die Seitenbetreiber erstellten Inhalte und Werke auf diesen Seiten unterliegen dem deutschen Urheberrecht. Die Vervielf\u00e4ltigung, Bearbeitung, Verbreitung und jede Art der Verwertung au\u00dferhalb der Grenzen des Urheberrechtes bed\u00fcrfen der schriftlichen Zustimmung des jeweiligen Autors bzw. Erstellers. Downloads und Kopien dieser Seite sind nur f\u00fcr den privaten, nicht kommerziellen Gebrauch gestattet. Soweit die Inhalte auf dieser Seite nicht vom Betreiber erstellt wurden, werden die Urheberrechte Dritter beachtet. Insbesondere werden Inhalte Dritter als solche gekennzeichnet. Sollten Sie trotzdem auf eine Urheberrechtsverletzung aufmerksam werden, bitten wir um einen entsprechenden Hinweis. Bei Bekanntwerden von Rechtsverletzungen werden wir derartige Inhalte umgehend entfernen.<\/p><p style=\"margin-right: 0px; margin-bottom: 0px; margin-left: 0px; padding: 0px; font-variant-numeric: normal; font-variant-east-asian: normal; font-stretch: normal; font-size: 11px; line-height: 15.4px; font-family: Verdana, Geneva, sans-serif; color: #666666;\">\u00a0<\/p><p style=\"margin-right: 0px; margin-bottom: 0px; margin-left: 0px; padding: 0px; font-variant-numeric: normal; font-variant-east-asian: normal; font-stretch: normal; font-size: 11px; line-height: 15.4px; font-family: Verdana, Geneva, sans-serif; color: #666666;\"><strong>Datenschutz<\/strong><\/p><p style=\"margin-right: 0px; margin-bottom: 0px; margin-left: 0px; padding: 0px; font-variant-numeric: normal; font-variant-east-asian: normal; font-stretch: normal; font-size: 11px; line-height: 15.4px; font-family: Verdana, Geneva, sans-serif; color: #666666;\">Die Nutzung unserer Webseite ist in der Regel ohne Angabe personenbezogener Daten m\u00f6glich. Soweit auf unseren Seiten personenbezogene Daten (beispielsweise Name, Anschrift oder E-Mail-Adressen) erhoben werden, erfolgt dies, soweit m\u00f6glich, stets auf freiwilliger Basis. Diese Daten werden ohne Ihre ausdr\u00fcckliche Zustimmung nicht an Dritte weitergegeben. Wir weisen darauf hin, dass die Daten\u00fcbertragung im Internet (z.B. bei der Kommunikation per E-Mail) Sicherheitsl\u00fccken aufweisen kann. Ein l\u00fcckenloser Schutz der Daten vor dem Zugriff durch Dritte ist nicht m\u00f6glich. Der Nutzung von im Rahmen der Impressumspflicht ver\u00f6ffentlichten Kontaktdaten durch Dritte zur \u00dcbersendung von nicht ausdr\u00fccklich angeforderter Werbung und Informationsmaterialien wird hiermit ausdr\u00fccklich widersprochen. Die Betreiber der Seiten behalten sich ausdr\u00fccklich rechtliche Schritte im Falle der unverlangten Zusendung von Werbeinformationen, etwa durch Spam-Mails, vor.<\/p><\/div><\/div><\/section>\t\t\t\t\t\t\t\t<\/div>\n\t\t\t\t<\/div>\n\t\t\t\t\t<\/div>\n\t\t<\/div>\n\t\t\t\t\t<\/div>\n\t\t<\/section>\n\t\t\t\t<\/div>\n\t\t","protected":false},"excerpt":{"rendered":"<p>Verantwortlich f\u00fcr den Inhalt:(Angaben gem\u00e4\u00df\u00a0\u00a7\u00a05 Telemediengesetz) H&#038;B Bau UG &#038; Co. KGFliederweg 1656170 Bendorf-Sayn Handelsregister HRA 22649Amtsgericht KoblenzSteuernummer 22\/662\/03475\u00a0Vertreten durch: [&hellip;]<\/p>\n","protected":false},"author":1,"featured_media":0,"parent":0,"menu_order":0,"comment_status":"closed","ping_status":"closed","template":"","meta":{"_monsterinsights_skip_tracking":false,"_monsterinsights_sitenote_active":false,"_monsterinsights_sitenote_note":"","_monsterinsights_sitenote_category":0,"footnotes":""},"class_list":["post-242","page","type-page","status-publish","hentry"],"aioseo_notices":[],"jetpack_sharing_enabled":true,"_links":{"self":[{"href":"http:\/\/hundb-bau.de\/index.php?rest_route=\/wp\/v2\/pages\/242","targetHints":{"allow":["GET"]}}],"collection":[{"href":"http:\/\/hundb-bau.de\/index.php?rest_route=\/wp\/v2\/pages"}],"about":[{"href":"http:\/\/hundb-bau.de\/index.php?rest_route=\/wp\/v2\/types\/page"}],"author":[{"embeddable":true,"href":"http:\/\/hundb-bau.de\/index.php?rest_route=\/wp\/v2\/users\/1"}],"replies":[{"embeddable":true,"href":"http:\/\/hundb-bau.de\/index.php?rest_route=%2Fwp%2Fv2%2Fcomments&post=242"}],"version-history":[{"count":27,"href":"http:\/\/hundb-bau.de\/index.php?rest_route=\/wp\/v2\/pages\/242\/revisions"}],"predecessor-version":[{"id":275,"href":"http:\/\/hundb-bau.de\/index.php?rest_route=\/wp\/v2\/pages\/242\/revisions\/275"}],"wp:attachment":[{"href":"http:\/\/hundb-bau.de\/index.php?rest_route=%2Fwp%2Fv2%2Fmedia&parent=242"}],"curies":[{"name":"wp","href":"https:\/\/api.w.org\/{rel}","templated":true}]}}