{"id":55,"date":"2022-02-20T12:52:19","date_gmt":"2022-02-20T11:52:19","guid":{"rendered":"http:\/\/hundb-bau.de\/?page_id=55"},"modified":"2022-04-12T20:24:37","modified_gmt":"2022-04-12T18:24:37","slug":"garten-und-landschaftsbau","status":"publish","type":"page","link":"http:\/\/hundb-bau.de\/?page_id=55","title":{"rendered":"Garten- und Landschaftsbau"},"content":{"rendered":"\t\t<div data-elementor-type=\"wp-page\" data-elementor-id=\"55\" class=\"elementor elementor-55\">\n\t\t\t\t\t\t<section class=\"elementor-section elementor-top-section elementor-element elementor-element-12bcb69 elementor-section-boxed elementor-section-height-default elementor-section-height-default\" data-id=\"12bcb69\" data-element_type=\"section\" data-e-type=\"section\">\n\t\t\t\t\t\t<div class=\"elementor-container elementor-column-gap-default\">\n\t\t\t\t\t<div class=\"elementor-column elementor-col-100 elementor-top-column elementor-element elementor-element-1a08e57\" data-id=\"1a08e57\" data-element_type=\"column\" data-e-type=\"column\">\n\t\t\t<div class=\"elementor-widget-wrap elementor-element-populated\">\n\t\t\t\t\t\t<div class=\"elementor-element elementor-element-7817ece elementor-widget elementor-widget-text-editor\" data-id=\"7817ece\" data-element_type=\"widget\" data-e-type=\"widget\" data-widget_type=\"text-editor.default\">\n\t\t\t\t<div class=\"elementor-widget-container\">\n\t\t\t\t\t\t\t\t\t<p>Wir sind Ihr zuverl\u00e4ssiger Partner im Garten- und Landschaftsbau. Mit fachlicher Kompetenz und hoher g\u00e4rtnerischer Qualit\u00e4t setzen wir Ihren individuellen Gartenentwurf zuverl\u00e4ssig und <span style=\"font-size: 12pt; font-family: georgia, palatino, serif;\">termingerecht in die Tat um. Kontaktieren Sie uns und unsere H&B-Experten beraten Sie gerne zu den Themen:<\/span><\/p><p><span style=\"color: #202122; font-family: georgia, palatino, serif; font-size: 12pt;\">\u2022\u00a0<\/span>Gartenbau<\/p><p><span style=\"font-size: 12pt; font-family: georgia, palatino, serif;\"><span style=\"color: #202122;\">\u2022\u00a0<\/span><\/span>Gartenpflege<span style=\"font-size: 12pt; font-family: georgia, palatino, serif;\"><span style=\"color: #202122;\"><br \/><\/span><\/span><\/p><p><span style=\"color: #202122; font-family: georgia, palatino, serif; font-size: 12pt;\">\u2022\u00a0<\/span>Gartengestaltung und Planung<span style=\"color: #202122; font-family: sans-serif; font-size: 14px;\"><br \/><\/span><\/p>\t\t\t\t\t\t\t\t<\/div>\n\t\t\t\t<\/div>\n\t\t\t\t\t<\/div>\n\t\t<\/div>\n\t\t\t\t\t<\/div>\n\t\t<\/section>\n\t\t\t\t<section class=\"elementor-section elementor-top-section elementor-element elementor-element-0949ed2 elementor-section-boxed elementor-section-height-default elementor-section-height-default\" data-id=\"0949ed2\" data-element_type=\"section\" data-e-type=\"section\">\n\t\t\t\t\t\t<div class=\"elementor-container elementor-column-gap-default\">\n\t\t\t\t\t<div class=\"elementor-column elementor-col-100 elementor-top-column elementor-element elementor-element-190e658\" data-id=\"190e658\" data-element_type=\"column\" data-e-type=\"column\">\n\t\t\t<div class=\"elementor-widget-wrap elementor-element-populated\">\n\t\t\t\t\t\t<div class=\"elementor-element elementor-element-0c22d03 elementor-widget elementor-widget-image\" data-id=\"0c22d03\" data-element_type=\"widget\" data-e-type=\"widget\" data-widget_type=\"image.default\">\n\t\t\t\t<div class=\"elementor-widget-container\">\n\t\t\t\t\t\t\t\t\t\t\t\t\t\t\t<img fetchpriority=\"high\" decoding=\"async\" width=\"630\" height=\"910\" src=\"http:\/\/hundb-bau.de\/wp-content\/uploads\/2022\/02\/asdf.jpg\" class=\"attachment-large size-large wp-image-223\" alt=\"\" srcset=\"http:\/\/hundb-bau.de\/wp-content\/uploads\/2022\/02\/asdf.jpg 630w, http:\/\/hundb-bau.de\/wp-content\/uploads\/2022\/02\/asdf-208x300.jpg 208w\" sizes=\"(max-width: 630px) 100vw, 630px\" \/>\t\t\t\t\t\t\t\t\t\t\t\t\t\t\t<\/div>\n\t\t\t\t<\/div>\n\t\t\t\t\t<\/div>\n\t\t<\/div>\n\t\t\t\t\t<\/div>\n\t\t<\/section>\n\t\t\t\t<section class=\"elementor-section elementor-top-section elementor-element elementor-element-364003a elementor-section-boxed elementor-section-height-default elementor-section-height-default\" data-id=\"364003a\" data-element_type=\"section\" data-e-type=\"section\">\n\t\t\t\t\t\t<div class=\"elementor-container elementor-column-gap-default\">\n\t\t\t\t\t<div class=\"elementor-column elementor-col-100 elementor-top-column elementor-element elementor-element-2b30cfb\" data-id=\"2b30cfb\" data-element_type=\"column\" data-e-type=\"column\">\n\t\t\t<div class=\"elementor-widget-wrap elementor-element-populated\">\n\t\t\t\t\t\t<div class=\"elementor-element elementor-element-cc9b3fa elementor-widget elementor-widget-image\" data-id=\"cc9b3fa\" data-element_type=\"widget\" data-e-type=\"widget\" data-widget_type=\"image.default\">\n\t\t\t\t<div class=\"elementor-widget-container\">\n\t\t\t\t\t\t\t\t\t\t\t\t\t\t\t<img decoding=\"async\" width=\"768\" height=\"1024\" src=\"http:\/\/hundb-bau.de\/wp-content\/uploads\/2022\/02\/20210120_090205-768x1024.jpg\" class=\"attachment-large size-large wp-image-203\" alt=\"\" srcset=\"http:\/\/hundb-bau.de\/wp-content\/uploads\/2022\/02\/20210120_090205-768x1024.jpg 768w, http:\/\/hundb-bau.de\/wp-content\/uploads\/2022\/02\/20210120_090205-225x300.jpg 225w, http:\/\/hundb-bau.de\/wp-content\/uploads\/2022\/02\/20210120_090205-1152x1536.jpg 1152w, http:\/\/hundb-bau.de\/wp-content\/uploads\/2022\/02\/20210120_090205-1536x2048.jpg 1536w, http:\/\/hundb-bau.de\/wp-content\/uploads\/2022\/02\/20210120_090205-720x960.jpg 720w, http:\/\/hundb-bau.de\/wp-content\/uploads\/2022\/02\/20210120_090205-scaled.jpg 1920w\" sizes=\"(max-width: 768px) 100vw, 768px\" \/>\t\t\t\t\t\t\t\t\t\t\t\t\t\t\t<\/div>\n\t\t\t\t<\/div>\n\t\t\t\t\t<\/div>\n\t\t<\/div>\n\t\t\t\t\t<\/div>\n\t\t<\/section>\n\t\t\t\t<section class=\"elementor-section elementor-top-section elementor-element elementor-element-c91c7d1 elementor-section-boxed elementor-section-height-default elementor-section-height-default\" data-id=\"c91c7d1\" data-element_type=\"section\" data-e-type=\"section\">\n\t\t\t\t\t\t<div class=\"elementor-container elementor-column-gap-default\">\n\t\t\t\t\t<div class=\"elementor-column elementor-col-100 elementor-top-column elementor-element elementor-element-83b9990\" data-id=\"83b9990\" data-element_type=\"column\" data-e-type=\"column\">\n\t\t\t<div class=\"elementor-widget-wrap elementor-element-populated\">\n\t\t\t\t\t\t<div class=\"elementor-element elementor-element-e3e92b5 elementor-widget elementor-widget-image\" data-id=\"e3e92b5\" data-element_type=\"widget\" data-e-type=\"widget\" data-widget_type=\"image.default\">\n\t\t\t\t<div class=\"elementor-widget-container\">\n\t\t\t\t\t\t\t\t\t\t\t\t\t\t\t<img decoding=\"async\" width=\"800\" height=\"533\" src=\"http:\/\/hundb-bau.de\/wp-content\/uploads\/2022\/02\/Gartenlandschaftsbau_Lehr_Gartenweg.jpg\" class=\"attachment-large size-large wp-image-205\" alt=\"\" srcset=\"http:\/\/hundb-bau.de\/wp-content\/uploads\/2022\/02\/Gartenlandschaftsbau_Lehr_Gartenweg.jpg 800w, http:\/\/hundb-bau.de\/wp-content\/uploads\/2022\/02\/Gartenlandschaftsbau_Lehr_Gartenweg-300x200.jpg 300w, http:\/\/hundb-bau.de\/wp-content\/uploads\/2022\/02\/Gartenlandschaftsbau_Lehr_Gartenweg-768x512.jpg 768w, http:\/\/hundb-bau.de\/wp-content\/uploads\/2022\/02\/Gartenlandschaftsbau_Lehr_Gartenweg-720x480.jpg 720w\" sizes=\"(max-width: 800px) 100vw, 800px\" \/>\t\t\t\t\t\t\t\t\t\t\t\t\t\t\t<\/div>\n\t\t\t\t<\/div>\n\t\t\t\t\t<\/div>\n\t\t<\/div>\n\t\t\t\t\t<\/div>\n\t\t<\/section>\n\t\t\t\t<section class=\"elementor-section elementor-top-section elementor-element elementor-element-b1c7e5a elementor-section-boxed elementor-section-height-default elementor-section-height-default\" data-id=\"b1c7e5a\" data-element_type=\"section\" data-e-type=\"section\">\n\t\t\t\t\t\t<div class=\"elementor-container elementor-column-gap-default\">\n\t\t\t\t\t<div class=\"elementor-column elementor-col-100 elementor-top-column elementor-element elementor-element-2604190\" data-id=\"2604190\" data-element_type=\"column\" data-e-type=\"column\">\n\t\t\t<div class=\"elementor-widget-wrap elementor-element-populated\">\n\t\t\t\t\t\t<div class=\"elementor-element elementor-element-cc0106b elementor-widget elementor-widget-image\" data-id=\"cc0106b\" data-element_type=\"widget\" data-e-type=\"widget\" data-widget_type=\"image.default\">\n\t\t\t\t<div class=\"elementor-widget-container\">\n\t\t\t\t\t\t\t\t\t\t\t\t\t\t\t<img loading=\"lazy\" decoding=\"async\" width=\"640\" height=\"361\" src=\"http:\/\/hundb-bau.de\/wp-content\/uploads\/2022\/02\/garten-und-landschaftsbau-fischer-aussenanlagen-service-gmbh-2016.jpg\" class=\"attachment-large size-large wp-image-206\" alt=\"\" srcset=\"http:\/\/hundb-bau.de\/wp-content\/uploads\/2022\/02\/garten-und-landschaftsbau-fischer-aussenanlagen-service-gmbh-2016.jpg 640w, http:\/\/hundb-bau.de\/wp-content\/uploads\/2022\/02\/garten-und-landschaftsbau-fischer-aussenanlagen-service-gmbh-2016-300x169.jpg 300w\" sizes=\"(max-width: 640px) 100vw, 640px\" \/>\t\t\t\t\t\t\t\t\t\t\t\t\t\t\t<\/div>\n\t\t\t\t<\/div>\n\t\t\t\t\t<\/div>\n\t\t<\/div>\n\t\t\t\t\t<\/div>\n\t\t<\/section>\n\t\t\t\t<section class=\"elementor-section elementor-top-section elementor-element elementor-element-f2c010a elementor-section-boxed elementor-section-height-default elementor-section-height-default\" data-id=\"f2c010a\" data-element_type=\"section\" data-e-type=\"section\">\n\t\t\t\t\t\t<div class=\"elementor-container elementor-column-gap-default\">\n\t\t\t\t\t<div class=\"elementor-column elementor-col-100 elementor-top-column elementor-element elementor-element-ca43b66\" data-id=\"ca43b66\" data-element_type=\"column\" data-e-type=\"column\">\n\t\t\t<div class=\"elementor-widget-wrap elementor-element-populated\">\n\t\t\t\t\t\t<div class=\"elementor-element elementor-element-c29311f elementor-widget elementor-widget-image\" data-id=\"c29311f\" data-element_type=\"widget\" data-e-type=\"widget\" data-widget_type=\"image.default\">\n\t\t\t\t<div class=\"elementor-widget-container\">\n\t\t\t\t\t\t\t\t\t\t\t\t\t\t\t<img loading=\"lazy\" decoding=\"async\" width=\"1024\" height=\"768\" src=\"http:\/\/hundb-bau.de\/wp-content\/uploads\/2022\/02\/IMG_8638-scaled-1-1024x768.jpg\" class=\"attachment-large size-large wp-image-207\" alt=\"\" srcset=\"http:\/\/hundb-bau.de\/wp-content\/uploads\/2022\/02\/IMG_8638-scaled-1-1024x768.jpg 1024w, http:\/\/hundb-bau.de\/wp-content\/uploads\/2022\/02\/IMG_8638-scaled-1-300x225.jpg 300w, http:\/\/hundb-bau.de\/wp-content\/uploads\/2022\/02\/IMG_8638-scaled-1-768x576.jpg 768w, http:\/\/hundb-bau.de\/wp-content\/uploads\/2022\/02\/IMG_8638-scaled-1-1536x1152.jpg 1536w, http:\/\/hundb-bau.de\/wp-content\/uploads\/2022\/02\/IMG_8638-scaled-1-2048x1536.jpg 2048w, http:\/\/hundb-bau.de\/wp-content\/uploads\/2022\/02\/IMG_8638-scaled-1-720x540.jpg 720w\" sizes=\"(max-width: 1024px) 100vw, 1024px\" \/>\t\t\t\t\t\t\t\t\t\t\t\t\t\t\t<\/div>\n\t\t\t\t<\/div>\n\t\t\t\t\t<\/div>\n\t\t<\/div>\n\t\t\t\t\t<\/div>\n\t\t<\/section>\n\t\t\t\t<\/div>\n\t\t","protected":false},"excerpt":{"rendered":"<p>Wir sind Ihr zuverl\u00e4ssiger Partner im Garten- und Landschaftsbau. Mit fachlicher Kompetenz und hoher g\u00e4rtnerischer Qualit\u00e4t setzen wir Ihren individuellen [&hellip;]<\/p>\n","protected":false},"author":1,"featured_media":0,"parent":0,"menu_order":0,"comment_status":"closed","ping_status":"closed","template":"","meta":{"_monsterinsights_skip_tracking":false,"_monsterinsights_sitenote_active":false,"_monsterinsights_sitenote_note":"","_monsterinsights_sitenote_category":0,"footnotes":""},"class_list":["post-55","page","type-page","status-publish","hentry"],"aioseo_notices":[],"jetpack_sharing_enabled":true,"_links":{"self":[{"href":"http:\/\/hundb-bau.de\/index.php?rest_route=\/wp\/v2\/pages\/55","targetHints":{"allow":["GET"]}}],"collection":[{"href":"http:\/\/hundb-bau.de\/index.php?rest_route=\/wp\/v2\/pages"}],"about":[{"href":"http:\/\/hundb-bau.de\/index.php?rest_route=\/wp\/v2\/types\/page"}],"author":[{"embeddable":true,"href":"http:\/\/hundb-bau.de\/index.php?rest_route=\/wp\/v2\/users\/1"}],"replies":[{"embeddable":true,"href":"http:\/\/hundb-bau.de\/index.php?rest_route=%2Fwp%2Fv2%2Fcomments&post=55"}],"version-history":[{"count":19,"href":"http:\/\/hundb-bau.de\/index.php?rest_route=\/wp\/v2\/pages\/55\/revisions"}],"predecessor-version":[{"id":226,"href":"http:\/\/hundb-bau.de\/index.php?rest_route=\/wp\/v2\/pages\/55\/revisions\/226"}],"wp:attachment":[{"href":"http:\/\/hundb-bau.de\/index.php?rest_route=%2Fwp%2Fv2%2Fmedia&parent=55"}],"curies":[{"name":"wp","href":"https:\/\/api.w.org\/{rel}","templated":true}]}}