{"id":7,"date":"2021-09-16T12:22:35","date_gmt":"2021-09-16T10:22:35","guid":{"rendered":"http:\/\/hundb-bau.de\/?page_id=7"},"modified":"2022-04-12T20:25:55","modified_gmt":"2022-04-12T18:25:55","slug":"home","status":"publish","type":"page","link":"http:\/\/hundb-bau.de\/","title":{"rendered":"Home"},"content":{"rendered":"\t\t<div data-elementor-type=\"wp-page\" data-elementor-id=\"7\" class=\"elementor elementor-7\">\n\t\t\t\t\t\t<section class=\"elementor-section elementor-top-section elementor-element elementor-element-5cb9c52 elementor-section-boxed elementor-section-height-default elementor-section-height-default\" data-id=\"5cb9c52\" data-element_type=\"section\" data-e-type=\"section\">\n\t\t\t\t\t\t<div class=\"elementor-container elementor-column-gap-default\">\n\t\t\t\t\t<div class=\"elementor-column elementor-col-100 elementor-top-column elementor-element elementor-element-e570119\" data-id=\"e570119\" data-element_type=\"column\" data-e-type=\"column\">\n\t\t\t<div class=\"elementor-widget-wrap elementor-element-populated\">\n\t\t\t\t\t\t<div class=\"elementor-element elementor-element-5c4987c elementor-widget elementor-widget-text-editor\" data-id=\"5c4987c\" data-element_type=\"widget\" data-e-type=\"widget\" data-widget_type=\"text-editor.default\">\n\t\t\t\t<div class=\"elementor-widget-container\">\n\t\t\t\t\t\t\t\t\t<p>Willkommen bei der H&B, Ihrem kompetenten Partner rund ums Haus. Sie suchen einen zuverl\u00e4ssigen Partner mit langj\u00e4hriger Erfahrung f\u00fcr einen Neubau, Beratung im Bereich Facility Management, eine energetische Beratung oder Sanierung eines Bestandsgeb\u00e4udes?<\/p><p>Rufen Sie uns an oder senden Sie uns eine E-Mail; unsere H&B-Experten erstellen Ihnen gerne ein unverbindliches Angebot oder besuchen Sie vor Ort.<\/p><p>Vertrauen Sie auf unsere langj\u00e4hrige Erfahrung mit H&B.<\/p>\t\t\t\t\t\t\t\t<\/div>\n\t\t\t\t<\/div>\n\t\t\t\t\t<\/div>\n\t\t<\/div>\n\t\t\t\t\t<\/div>\n\t\t<\/section>\n\t\t\t\t<\/div>\n\t\t","protected":false},"excerpt":{"rendered":"<p>Willkommen bei der H&#038;B, Ihrem kompetenten Partner rund ums Haus. Sie suchen einen zuverl\u00e4ssigen Partner mit langj\u00e4hriger Erfahrung f\u00fcr einen [&hellip;]<\/p>\n","protected":false},"author":1,"featured_media":0,"parent":0,"menu_order":0,"comment_status":"closed","ping_status":"closed","template":"","meta":{"_monsterinsights_skip_tracking":false,"_monsterinsights_sitenote_active":false,"_monsterinsights_sitenote_note":"","_monsterinsights_sitenote_category":0,"footnotes":""},"class_list":["post-7","page","type-page","status-publish","hentry"],"aioseo_notices":[],"jetpack_sharing_enabled":true,"_links":{"self":[{"href":"http:\/\/hundb-bau.de\/index.php?rest_route=\/wp\/v2\/pages\/7","targetHints":{"allow":["GET"]}}],"collection":[{"href":"http:\/\/hundb-bau.de\/index.php?rest_route=\/wp\/v2\/pages"}],"about":[{"href":"http:\/\/hundb-bau.de\/index.php?rest_route=\/wp\/v2\/types\/page"}],"author":[{"embeddable":true,"href":"http:\/\/hundb-bau.de\/index.php?rest_route=\/wp\/v2\/users\/1"}],"replies":[{"embeddable":true,"href":"http:\/\/hundb-bau.de\/index.php?rest_route=%2Fwp%2Fv2%2Fcomments&post=7"}],"version-history":[{"count":30,"href":"http:\/\/hundb-bau.de\/index.php?rest_route=\/wp\/v2\/pages\/7\/revisions"}],"predecessor-version":[{"id":239,"href":"http:\/\/hundb-bau.de\/index.php?rest_route=\/wp\/v2\/pages\/7\/revisions\/239"}],"wp:attachment":[{"href":"http:\/\/hundb-bau.de\/index.php?rest_route=%2Fwp%2Fv2%2Fmedia&parent=7"}],"curies":[{"name":"wp","href":"https:\/\/api.w.org\/{rel}","templated":true}]}}